{"id":100,"date":"2025-01-16T22:18:39","date_gmt":"2025-01-16T21:18:39","guid":{"rendered":"https:\/\/aventure-attitude.fr\/?page_id=100"},"modified":"2026-01-22T17:31:57","modified_gmt":"2026-01-22T16:31:57","slug":"thailande","status":"publish","type":"page","link":"https:\/\/aventure-attitude.fr\/index.php\/voyages\/thailande\/","title":{"rendered":"Tha\u00eflande"},"content":{"rendered":"\n<p><strong>Et si on partait en Tha\u00eflande&nbsp;\u2026<\/strong><\/p>\n\n\n\n<p>Cette id\u00e9e est tomb\u00e9e un apr\u00e8s-midi d&rsquo;\u00e9t\u00e9 2015 alors que nous \u00e9tions sur la terrasse sirotant des boissons bien fra\u00eeches.<\/p>\n\n\n\n<p>Habitu\u00e9s \u00e0 partir ensemble depuis quelques ann\u00e9es, nous \u00e9tions des parents indignes, abandonnant nos enfants, chaque ann\u00e9e durant une dizaine de jours en octobre, pour aller nous amuser en quad et 4\u00d74.<\/p>\n\n\n\n<p>Actes qu&rsquo;ils nous reprocheront certainement un jour lors d&rsquo;une th\u00e9rapie.<\/p>\n\n\n\n<p>C\u2019est alors que les questions fus\u00e8rent.<\/p>\n\n\n\n<ul class=\"wp-block-list\">\n<li>Oui mais, nous ne pouvons pas partir qu\u2019une semaine<\/li>\n\n\n\n<li>Il nous faut prendre au moins 3 semaines<\/li>\n\n\n\n<li>Il nous faut r\u00e9server les vols, on ne peut partir qu\u2019en 2017<\/li>\n\n\n\n<li>On ne peut pas prendre les quads\u2026<\/li>\n<\/ul>\n\n\n\n<p>Les regards se croisent, un silence s&rsquo;installe, cette derni\u00e8re question avait fait remonter en nous quelque chose de plus profond.<\/p>\n\n\n\n<p>Une voix provenant de la cuisine se fit alors entendre : \u00a0\u00bb Je ne pars pas trois semaines sans les enfants\u00a0\u00bb.<\/p>\n\n\n\n<p>Bien s\u00fbr, c&rsquo;\u00e9tait \u00e7a, cette ombre qui avait plan\u00e9 durant ce court instant. C&rsquo;\u00e9tait l&rsquo;\u00e9vidence m\u00eame, nous partirons donc tous en famille.<\/p>\n\n\n\n<p>Onze personnes, sacr\u00e9e logistique, une \u00e9quipe de foot \u00e0 d\u00e9placer en m\u00eame temps. Tout devra \u00eatre r\u00e9serv\u00e9 avant. Nous ne pourrons pas chercher un h\u00f4tel ou un vol au dernier moment. Pour pimenter le tout, un des grands ne nous rejoindra que la 2\u00e8me semaine, petite inqui\u00e9tude suppl\u00e9mentaire pour les parents.<\/p>\n\n\n\n<p>\u2026\u2026\u2026\u2026\u2026\u2026\u2026\u2026\u2026\u2026\u2026\u2026\u2026<\/p>\n\n\n\n<p><strong>Et c&rsquo;est ainsi que depuis plus d&rsquo;un an, le voyage a \u00e9t\u00e9 affin\u00e9. Ce qui n&rsquo;\u00e9tait qu&rsquo;une id\u00e9e est devenu r\u00e9alit\u00e9<\/strong>.<\/p>\n\n\n\n<p>A l\u2019heure o\u00f9 j\u2019\u00e9cris ce texte nous sommes dans les starting-blocks, il fait -10 degr\u00e9s en France et dans quelques jours nous aurons une temp\u00e9rature de 32, nous laisserons donc les boots et les cagoules \u00e0 la maison. Attention au choc climatique en sortant de l\u2019avion.<\/p>\n\n\n\n<p>En vous souhaitant bonne lecture.<br><br><\/p>\n\n\n\n<h2 class=\"wp-block-heading has-text-align-center\"><strong>Le p\u00e9riple<\/strong><\/h2>\n\n\n\n<div class=\"wp-block-columns is-layout-flex wp-container-core-columns-is-layout-9d6595d7 wp-block-columns-is-layout-flex\">\n<div class=\"wp-block-column is-layout-flow wp-block-column-is-layout-flow\" style=\"flex-basis:100%\">\n<p><\/p>\n\n\n\n<div class=\"wp-block-columns is-layout-flex wp-container-core-columns-is-layout-9d6595d7 wp-block-columns-is-layout-flex\">\n<div class=\"wp-block-column is-layout-flow wp-block-column-is-layout-flow\">\n<ul class=\"wp-block-list\">\n<li><strong><u>Samedi 11 f\u00e9vrier<\/u><\/strong>&nbsp;: GENEVE \u2013 BANGKOK<br>C\u2019est parti, d\u00e9part de Gen\u00e8ve<br><\/li>\n\n\n\n<li><strong><u>Dimanche 12 f\u00e9vrier&nbsp;:<\/u><\/strong> BANGKOK \u2013 CHIANG RAI<br>Arriv\u00e9e \u00e0 Bangkok<br>D\u00e9part pour CHIANG RAI<br><\/li>\n\n\n\n<li><strong><u>Lundi 13 f\u00e9vrier&nbsp;:<\/u><\/strong> CHIANG RAI<br>V\u00e9lo, Temple blanc, March\u00e9 de nuit<br><\/li>\n\n\n\n<li><strong><u>Mardi 14 f\u00e9vrier&nbsp;:<\/u><\/strong> CHIANG RAI \u2013 MAE SAI<br>D\u00e9part en bus pour MAE SAI<br><\/li>\n\n\n\n<li><strong><u>Mercredi 15 f\u00e9vrier&nbsp;:<\/u><\/strong> MAE SAI<br>Birmanie, Temple, Visite de la r\u00e9gion en motos<br><\/li>\n\n\n\n<li><strong><u>Jeudi 16 f\u00e9vrier&nbsp;:<\/u><\/strong> MAE SAI \u2013 PA PAO<br>Visite de THATON, Pirogue taxi jusqu\u2019\u00e0 PA PAO<br><\/li>\n\n\n\n<li><strong><u>Vendredi 17 f\u00e9vrier&nbsp;:<\/u><\/strong> PA PAO \u2013 CHIANG MAI<br>D\u00e9part pour CHIANG MAI<br><\/li>\n<\/ul>\n<\/div>\n\n\n\n<div class=\"wp-block-column is-layout-flow wp-block-column-is-layout-flow\">\n<ul class=\"wp-block-list\">\n<li><strong><u>Samedi 18 f\u00e9vrier&nbsp;:<\/u><\/strong> CHIANG MAI<br>Visite des Temples, Tigre, Femme au long cou, boxe le soir<br><\/li>\n\n\n\n<li><strong><u>Dimanche 19 f\u00e9vrier&nbsp;:<\/u><\/strong> CHIANG MAI<br>El\u00e9phants, Massages faits par des prisonni\u00e8res<br><\/li>\n\n\n\n<li><strong><u>Lundi 20 f\u00e9vrier&nbsp;:<\/u><\/strong> CHIANG MAI \u2013 KHAO SOK<br>Matin\u00e9e libre, avion \u00e0 12h30 + taxi pour KAO SOK<br><\/li>\n\n\n\n<li><strong><u>Mardi 21 f\u00e9vrier&nbsp;:<\/u><\/strong> KHAO SOK<br>D\u00e9part 7 h pour un safari<br><\/li>\n\n\n\n<li><strong><u>Mercredi 22 f\u00e9vrier&nbsp;:<\/u><\/strong> KHAO SOK \u2013 SURAT THANI<br>Safari bateau, taxi pour SURAT THANI, visite du march\u00e9 de nuit<br><\/li>\n\n\n\n<li><strong><u>Jeudi 23 f\u00e9vrier&nbsp;:<\/u><\/strong> SURAT THANI \u2013 KOH TAO<br>Taxi + ferry direction KOH TAO<br><\/li>\n\n\n\n<li><strong><u>Vendredi 24 au lundi 27 f\u00e9vrier&nbsp;:<\/u><\/strong> KOH TAO<br>Plong\u00e9es, visites et repos<br><\/li>\n<\/ul>\n<\/div>\n\n\n\n<div class=\"wp-block-column is-layout-flow wp-block-column-is-layout-flow\">\n<ul class=\"wp-block-list\">\n<li><strong><u>Mardi 28 f\u00e9vrier&nbsp;:<\/u><\/strong> KOH TAO<br>Visite de l\u2019ile KO SAMUI<br><\/li>\n\n\n\n<li><strong><u>Mercredi 01 mars&nbsp;:<\/u><\/strong> KOH TAO \u2013 BANGKOK<br>D\u00e9part pour BANGKOK bus et ferry arriv\u00e9e vers 20h20<br><\/li>\n\n\n\n<li><strong><u>Jeudi 02 mars&nbsp;:<\/u><\/strong> BANGKOK<br>Temple royal, Bouda couch\u00e9, march\u00e9 de nuit, etc.<br><\/li>\n\n\n\n<li><strong><u>Vendredi 03 mars&nbsp;:<\/u><\/strong> BANGKOK<br>Pont de la rivi\u00e8re KWAI<br><\/li>\n\n\n\n<li><strong><u>Samedi 04 mars&nbsp;:<\/u><\/strong> BANGKOK \u2013 GENEVE<br>D\u00e9part avion<br><\/li>\n\n\n\n<li><strong><u>Dimanche 05 mars&nbsp;:<\/u><\/strong> Retour en France<br>C\u2019est quand qu\u2019on part o\u00f9&nbsp;?<\/li>\n<\/ul>\n<\/div>\n<\/div>\n\n\n<div class=\"wp-block-image\">\n<figure class=\"aligncenter size-large\"><img loading=\"lazy\" decoding=\"async\" width=\"595\" height=\"1024\" src=\"https:\/\/aventure-attitude.fr\/wp-content\/uploads\/2025\/02\/carte_thailande_detaillee-595x1024.jpg\" alt=\"\" class=\"wp-image-190\" srcset=\"https:\/\/aventure-attitude.fr\/wp-content\/uploads\/2025\/02\/carte_thailande_detaillee-595x1024.jpg 595w, https:\/\/aventure-attitude.fr\/wp-content\/uploads\/2025\/02\/carte_thailande_detaillee-174x300.jpg 174w, https:\/\/aventure-attitude.fr\/wp-content\/uploads\/2025\/02\/carte_thailande_detaillee.jpg 666w\" sizes=\"auto, (max-width: 595px) 100vw, 595px\" \/><\/figure>\n<\/div><\/div>\n<\/div>\n\n\n\n<div style=\"height:100px\" aria-hidden=\"true\" class=\"wp-block-spacer\"><\/div>\n\n\n\n<h2 class=\"wp-block-heading has-text-align-center\"><strong><u>Quelques photos des&nbsp;pr\u00e9paratifs<\/u><\/strong><\/h2>\n\n\n\n<div class=\"wp-block-group\"><div class=\"wp-block-group__inner-container is-layout-constrained wp-block-group-is-layout-constrained\">\n<figure class=\"wp-block-gallery has-nested-images columns-default is-cropped wp-block-gallery-1 is-layout-flex wp-block-gallery-is-layout-flex\">\n<figure class=\"wp-block-image size-large\"><img loading=\"lazy\" decoding=\"async\" width=\"720\" height=\"540\" data-id=\"194\" src=\"https:\/\/aventure-attitude.fr\/wp-content\/uploads\/2025\/02\/prepa_01-1.jpg\" alt=\"\" class=\"wp-image-194\" srcset=\"https:\/\/aventure-attitude.fr\/wp-content\/uploads\/2025\/02\/prepa_01-1.jpg 720w, https:\/\/aventure-attitude.fr\/wp-content\/uploads\/2025\/02\/prepa_01-1-300x225.jpg 300w\" sizes=\"auto, (max-width: 720px) 100vw, 720px\" \/><\/figure>\n\n\n\n<figure class=\"wp-block-image size-large\"><img loading=\"lazy\" decoding=\"async\" width=\"720\" height=\"475\" data-id=\"195\" src=\"https:\/\/aventure-attitude.fr\/wp-content\/uploads\/2025\/02\/prepa_02.jpg\" alt=\"\" class=\"wp-image-195\" srcset=\"https:\/\/aventure-attitude.fr\/wp-content\/uploads\/2025\/02\/prepa_02.jpg 720w, https:\/\/aventure-attitude.fr\/wp-content\/uploads\/2025\/02\/prepa_02-300x198.jpg 300w\" sizes=\"auto, (max-width: 720px) 100vw, 720px\" \/><\/figure>\n\n\n\n<figure class=\"wp-block-image size-large\"><img loading=\"lazy\" decoding=\"async\" width=\"720\" height=\"724\" data-id=\"193\" src=\"https:\/\/aventure-attitude.fr\/wp-content\/uploads\/2025\/02\/prepa_04.jpg\" alt=\"\" class=\"wp-image-193\" srcset=\"https:\/\/aventure-attitude.fr\/wp-content\/uploads\/2025\/02\/prepa_04.jpg 720w, https:\/\/aventure-attitude.fr\/wp-content\/uploads\/2025\/02\/prepa_04-298x300.jpg 298w, https:\/\/aventure-attitude.fr\/wp-content\/uploads\/2025\/02\/prepa_04-150x150.jpg 150w\" sizes=\"auto, (max-width: 720px) 100vw, 720px\" \/><\/figure>\n<\/figure>\n<\/div><\/div>\n\n\n\n<h3 class=\"wp-block-heading\"><br><br>11 f\u00e9vrier 2017 : C&rsquo;est parti<\/h3>\n\n\n\n<figure class=\"wp-block-gallery has-nested-images columns-default is-cropped wp-block-gallery-2 is-layout-flex wp-block-gallery-is-layout-flex\">\n<figure class=\"wp-block-image size-large\"><img loading=\"lazy\" decoding=\"async\" width=\"763\" height=\"1024\" data-id=\"202\" src=\"https:\/\/aventure-attitude.fr\/wp-content\/uploads\/2025\/02\/2017-02-11-008-1-763x1024.jpg\" alt=\"\" class=\"wp-image-202\" srcset=\"https:\/\/aventure-attitude.fr\/wp-content\/uploads\/2025\/02\/2017-02-11-008-1-763x1024.jpg 763w, https:\/\/aventure-attitude.fr\/wp-content\/uploads\/2025\/02\/2017-02-11-008-1-223x300.jpg 223w, https:\/\/aventure-attitude.fr\/wp-content\/uploads\/2025\/02\/2017-02-11-008-1-768x1031.jpg 768w, https:\/\/aventure-attitude.fr\/wp-content\/uploads\/2025\/02\/2017-02-11-008-1-1144x1536.jpg 1144w, https:\/\/aventure-attitude.fr\/wp-content\/uploads\/2025\/02\/2017-02-11-008-1-1526x2048.jpg 1526w, https:\/\/aventure-attitude.fr\/wp-content\/uploads\/2025\/02\/2017-02-11-008-1-scaled.jpg 1907w\" sizes=\"auto, (max-width: 763px) 100vw, 763px\" \/><\/figure>\n\n\n\n<figure class=\"wp-block-image size-large\"><img loading=\"lazy\" decoding=\"async\" width=\"1024\" height=\"755\" data-id=\"200\" src=\"https:\/\/aventure-attitude.fr\/wp-content\/uploads\/2025\/02\/2017-02-11-011-1024x755.jpg\" alt=\"\" class=\"wp-image-200\" srcset=\"https:\/\/aventure-attitude.fr\/wp-content\/uploads\/2025\/02\/2017-02-11-011-1024x755.jpg 1024w, https:\/\/aventure-attitude.fr\/wp-content\/uploads\/2025\/02\/2017-02-11-011-300x221.jpg 300w, https:\/\/aventure-attitude.fr\/wp-content\/uploads\/2025\/02\/2017-02-11-011-768x567.jpg 768w, https:\/\/aventure-attitude.fr\/wp-content\/uploads\/2025\/02\/2017-02-11-011-1536x1133.jpg 1536w, https:\/\/aventure-attitude.fr\/wp-content\/uploads\/2025\/02\/2017-02-11-011-2048x1511.jpg 2048w\" sizes=\"auto, (max-width: 1024px) 100vw, 1024px\" \/><\/figure>\n\n\n\n<figure class=\"wp-block-image size-large\"><img loading=\"lazy\" decoding=\"async\" width=\"1024\" height=\"618\" data-id=\"199\" src=\"https:\/\/aventure-attitude.fr\/wp-content\/uploads\/2025\/02\/2017-02-11-018-1024x618.jpg\" alt=\"\" class=\"wp-image-199\" srcset=\"https:\/\/aventure-attitude.fr\/wp-content\/uploads\/2025\/02\/2017-02-11-018-1024x618.jpg 1024w, https:\/\/aventure-attitude.fr\/wp-content\/uploads\/2025\/02\/2017-02-11-018-300x181.jpg 300w, https:\/\/aventure-attitude.fr\/wp-content\/uploads\/2025\/02\/2017-02-11-018-768x463.jpg 768w, https:\/\/aventure-attitude.fr\/wp-content\/uploads\/2025\/02\/2017-02-11-018-1536x926.jpg 1536w, https:\/\/aventure-attitude.fr\/wp-content\/uploads\/2025\/02\/2017-02-11-018-2048x1235.jpg 2048w\" sizes=\"auto, (max-width: 1024px) 100vw, 1024px\" \/><\/figure>\n<\/figure>\n\n\n\n<p><\/p>\n\n\n\n<p><\/p>\n\n\n\n<h3 class=\"wp-block-heading\"><strong><u>Enfin arriv\u00e9s<\/u><\/strong><\/h3>\n\n\n\n<p>Apr\u00e8s 24 heures de voyage, enfin arriv\u00e9s. Changement \u00e0 Bangkok, un petit 35 degr\u00e9s nous accueille,&nbsp; pour prendre la destination de CHIANG RAI. Petit h\u00f4tel bien sympathique, ainsi que les personnes qui nous accueillent.<\/p>\n\n\n\n<p>\u00c0 peine install\u00e9s dans nos chambres, que nous repartons pour le march\u00e9 de nuit o\u00f9 nous allons manger. Brochettes, beignets, nems \u00e0 profusion, nous r\u00e9galent.<\/p>\n\n\n\n<figure class=\"wp-block-gallery has-nested-images columns-default is-cropped wp-block-gallery-3 is-layout-flex wp-block-gallery-is-layout-flex\">\n<figure class=\"wp-block-image size-large\"><img loading=\"lazy\" decoding=\"async\" width=\"1024\" height=\"677\" data-id=\"209\" src=\"https:\/\/aventure-attitude.fr\/wp-content\/uploads\/2025\/02\/2017-02-12-026-1-1024x677.jpg\" alt=\"\" class=\"wp-image-209\" srcset=\"https:\/\/aventure-attitude.fr\/wp-content\/uploads\/2025\/02\/2017-02-12-026-1-1024x677.jpg 1024w, https:\/\/aventure-attitude.fr\/wp-content\/uploads\/2025\/02\/2017-02-12-026-1-300x198.jpg 300w, https:\/\/aventure-attitude.fr\/wp-content\/uploads\/2025\/02\/2017-02-12-026-1-768x508.jpg 768w, https:\/\/aventure-attitude.fr\/wp-content\/uploads\/2025\/02\/2017-02-12-026-1-1536x1015.jpg 1536w, https:\/\/aventure-attitude.fr\/wp-content\/uploads\/2025\/02\/2017-02-12-026-1-2048x1354.jpg 2048w\" sizes=\"auto, (max-width: 1024px) 100vw, 1024px\" \/><\/figure>\n\n\n\n<figure class=\"wp-block-image size-large\"><img loading=\"lazy\" decoding=\"async\" width=\"1024\" height=\"680\" data-id=\"210\" src=\"https:\/\/aventure-attitude.fr\/wp-content\/uploads\/2025\/02\/2017-02-12-025-1-1024x680.jpg\" alt=\"\" class=\"wp-image-210\" srcset=\"https:\/\/aventure-attitude.fr\/wp-content\/uploads\/2025\/02\/2017-02-12-025-1-1024x680.jpg 1024w, https:\/\/aventure-attitude.fr\/wp-content\/uploads\/2025\/02\/2017-02-12-025-1-300x199.jpg 300w, https:\/\/aventure-attitude.fr\/wp-content\/uploads\/2025\/02\/2017-02-12-025-1-768x510.jpg 768w, https:\/\/aventure-attitude.fr\/wp-content\/uploads\/2025\/02\/2017-02-12-025-1-1536x1021.jpg 1536w, https:\/\/aventure-attitude.fr\/wp-content\/uploads\/2025\/02\/2017-02-12-025-1-2048x1361.jpg 2048w\" sizes=\"auto, (max-width: 1024px) 100vw, 1024px\" \/><\/figure>\n\n\n\n<figure class=\"wp-block-image size-large\"><img loading=\"lazy\" decoding=\"async\" width=\"1024\" height=\"790\" data-id=\"207\" src=\"https:\/\/aventure-attitude.fr\/wp-content\/uploads\/2025\/02\/2017-02-12-027-1024x790.jpg\" alt=\"\" class=\"wp-image-207\" srcset=\"https:\/\/aventure-attitude.fr\/wp-content\/uploads\/2025\/02\/2017-02-12-027-1024x790.jpg 1024w, https:\/\/aventure-attitude.fr\/wp-content\/uploads\/2025\/02\/2017-02-12-027-300x232.jpg 300w, https:\/\/aventure-attitude.fr\/wp-content\/uploads\/2025\/02\/2017-02-12-027-768x593.jpg 768w, https:\/\/aventure-attitude.fr\/wp-content\/uploads\/2025\/02\/2017-02-12-027-1536x1185.jpg 1536w, https:\/\/aventure-attitude.fr\/wp-content\/uploads\/2025\/02\/2017-02-12-027-2048x1581.jpg 2048w\" sizes=\"auto, (max-width: 1024px) 100vw, 1024px\" \/><\/figure>\n<\/figure>\n\n\n\n<p><\/p>\n","protected":false},"excerpt":{"rendered":"<p>Et si on partait en Tha\u00eflande&nbsp;\u2026 Cette id\u00e9e est tomb\u00e9e un apr\u00e8s-midi d&rsquo;\u00e9t\u00e9 2015 alors que nous \u00e9tions sur la terrasse sirotant des boissons bien fra\u00eeches. Habitu\u00e9s \u00e0 partir ensemble depuis quelques ann\u00e9es, nous \u00e9tions des parents indignes, abandonnant nos enfants, chaque ann\u00e9e durant une dizaine de jours en octobre, pour aller nous amuser en&hellip;&nbsp;<a href=\"https:\/\/aventure-attitude.fr\/index.php\/voyages\/thailande\/\" rel=\"bookmark\">Lire la suite &raquo;<span class=\"screen-reader-text\">Tha\u00eflande<\/span><\/a><\/p>\n","protected":false},"author":1,"featured_media":0,"parent":463,"menu_order":0,"comment_status":"closed","ping_status":"closed","template":"","meta":{"neve_meta_sidebar":"","neve_meta_container":"","neve_meta_enable_content_width":"","neve_meta_content_width":0,"neve_meta_title_alignment":"","neve_meta_author_avatar":"","neve_post_elements_order":"","neve_meta_disable_header":"","neve_meta_disable_footer":"","neve_meta_disable_title":"","footnotes":""},"class_list":["post-100","page","type-page","status-publish","hentry"],"_links":{"self":[{"href":"https:\/\/aventure-attitude.fr\/index.php\/wp-json\/wp\/v2\/pages\/100","targetHints":{"allow":["GET"]}}],"collection":[{"href":"https:\/\/aventure-attitude.fr\/index.php\/wp-json\/wp\/v2\/pages"}],"about":[{"href":"https:\/\/aventure-attitude.fr\/index.php\/wp-json\/wp\/v2\/types\/page"}],"author":[{"embeddable":true,"href":"https:\/\/aventure-attitude.fr\/index.php\/wp-json\/wp\/v2\/users\/1"}],"replies":[{"embeddable":true,"href":"https:\/\/aventure-attitude.fr\/index.php\/wp-json\/wp\/v2\/comments?post=100"}],"version-history":[{"count":14,"href":"https:\/\/aventure-attitude.fr\/index.php\/wp-json\/wp\/v2\/pages\/100\/revisions"}],"predecessor-version":[{"id":214,"href":"https:\/\/aventure-attitude.fr\/index.php\/wp-json\/wp\/v2\/pages\/100\/revisions\/214"}],"up":[{"embeddable":true,"href":"https:\/\/aventure-attitude.fr\/index.php\/wp-json\/wp\/v2\/pages\/463"}],"wp:attachment":[{"href":"https:\/\/aventure-attitude.fr\/index.php\/wp-json\/wp\/v2\/media?parent=100"}],"curies":[{"name":"wp","href":"https:\/\/api.w.org\/{rel}","templated":true}]}}