{"id":154,"date":"2025-01-21T18:21:17","date_gmt":"2025-01-21T17:21:17","guid":{"rendered":"https:\/\/aventure-attitude.fr\/?page_id=154"},"modified":"2025-08-20T16:48:46","modified_gmt":"2025-08-20T14:48:46","slug":"azimut-mongolie","status":"publish","type":"page","link":"https:\/\/aventure-attitude.fr\/index.php\/azimut-mongolie\/","title":{"rendered":"Azimut"},"content":{"rendered":"\n<p>Gros projet \u00e0 venir.<br>Vous pourrez le suivre sur cette page<\/p>\n\n\n\n<div class=\"wp-block-columns is-layout-flex wp-container-core-columns-is-layout-9d6595d7 wp-block-columns-is-layout-flex\">\n<div class=\"wp-block-column is-layout-flow wp-block-column-is-layout-flow\">\n<figure class=\"wp-block-image size-full\"><img loading=\"lazy\" decoding=\"async\" width=\"541\" height=\"337\" src=\"http:\/\/aventure-attitude.fr\/wp-content\/uploads\/2025\/08\/Azimut-Mongolie-sans-fond.png\" alt=\"\" class=\"wp-image-231\" srcset=\"https:\/\/aventure-attitude.fr\/wp-content\/uploads\/2025\/08\/Azimut-Mongolie-sans-fond.png 541w, https:\/\/aventure-attitude.fr\/wp-content\/uploads\/2025\/08\/Azimut-Mongolie-sans-fond-300x187.png 300w\" sizes=\"auto, (max-width: 541px) 100vw, 541px\" \/><\/figure>\n<\/div>\n\n\n\n<div class=\"wp-block-column is-layout-flow wp-block-column-is-layout-flow\">\n<p><br><br>Voyage en cellule 4&#215;4 de la France \u00e0 la Mongolie.<br><\/p>\n\n\n\n<figure class=\"wp-block-image size-large\"><img loading=\"lazy\" decoding=\"async\" width=\"1024\" height=\"638\" src=\"http:\/\/aventure-attitude.fr\/wp-content\/uploads\/2025\/01\/BT50-001-1024x638.jpg\" alt=\"\" class=\"wp-image-162\" srcset=\"https:\/\/aventure-attitude.fr\/wp-content\/uploads\/2025\/01\/BT50-001-1024x638.jpg 1024w, https:\/\/aventure-attitude.fr\/wp-content\/uploads\/2025\/01\/BT50-001-300x187.jpg 300w, https:\/\/aventure-attitude.fr\/wp-content\/uploads\/2025\/01\/BT50-001-768x479.jpg 768w, https:\/\/aventure-attitude.fr\/wp-content\/uploads\/2025\/01\/BT50-001.jpg 1401w\" sizes=\"auto, (max-width: 1024px) 100vw, 1024px\" \/><\/figure>\n<\/div>\n<\/div>\n\n\n\n<p class=\"has-text-align-center\">Les Pays qui seront travers\u00e9s<\/p>\n\n\n\n<div class=\"wp-block-columns is-layout-flex wp-container-core-columns-is-layout-9d6595d7 wp-block-columns-is-layout-flex\">\n<div class=\"wp-block-column is-vertically-aligned-top is-layout-flow wp-block-column-is-layout-flow\">\n<ul class=\"wp-block-list\">\n<li>France<\/li>\n\n\n\n<li>Italie<\/li>\n\n\n\n<li>Slov\u00e9nie<\/li>\n\n\n\n<li>Croatie<\/li>\n\n\n\n<li>Serbie<\/li>\n\n\n\n<li>Bulgarie<\/li>\n<\/ul>\n<\/div>\n\n\n\n<div class=\"wp-block-column is-vertically-aligned-top is-layout-flow wp-block-column-is-layout-flow\">\n<ul class=\"wp-block-list\">\n<li>Turquie<\/li>\n\n\n\n<li>G\u00e9orgie<\/li>\n\n\n\n<li>Arm\u00e9nie<\/li>\n\n\n\n<li>Azerba\u00efdjan<\/li>\n\n\n\n<li>Russie<\/li>\n\n\n\n<li>Kazakhstan<\/li>\n\n\n\n<li>Kirghizistan<\/li>\n\n\n\n<li>Mongolie<\/li>\n<\/ul>\n<\/div>\n<\/div>\n\n\n\n<figure class=\"wp-block-image size-full\"><img loading=\"lazy\" decoding=\"async\" width=\"2795\" height=\"586\" src=\"https:\/\/aventure-attitude.fr\/wp-content\/uploads\/2025\/01\/carte-azimut-mongolie.png\" alt=\"\" class=\"wp-image-168\" style=\"object-fit:cover\" srcset=\"https:\/\/aventure-attitude.fr\/wp-content\/uploads\/2025\/01\/carte-azimut-mongolie.png 2795w, https:\/\/aventure-attitude.fr\/wp-content\/uploads\/2025\/01\/carte-azimut-mongolie-300x63.png 300w, https:\/\/aventure-attitude.fr\/wp-content\/uploads\/2025\/01\/carte-azimut-mongolie-1024x215.png 1024w, https:\/\/aventure-attitude.fr\/wp-content\/uploads\/2025\/01\/carte-azimut-mongolie-768x161.png 768w, https:\/\/aventure-attitude.fr\/wp-content\/uploads\/2025\/01\/carte-azimut-mongolie-1536x322.png 1536w, https:\/\/aventure-attitude.fr\/wp-content\/uploads\/2025\/01\/carte-azimut-mongolie-2048x429.png 2048w\" sizes=\"auto, (max-width: 2795px) 100vw, 2795px\" \/><\/figure>\n\n\n\n<p><\/p>\n","protected":false},"excerpt":{"rendered":"<p>Gros projet \u00e0 venir.Vous pourrez le suivre sur cette page Voyage en cellule 4&#215;4 de la France \u00e0 la Mongolie. Les Pays qui seront travers\u00e9s<\/p>\n","protected":false},"author":1,"featured_media":0,"parent":0,"menu_order":0,"comment_status":"closed","ping_status":"closed","template":"","meta":{"neve_meta_sidebar":"","neve_meta_container":"","neve_meta_enable_content_width":"","neve_meta_content_width":0,"neve_meta_title_alignment":"","neve_meta_author_avatar":"","neve_post_elements_order":"","neve_meta_disable_header":"","neve_meta_disable_footer":"","neve_meta_disable_title":"","footnotes":""},"class_list":["post-154","page","type-page","status-publish","hentry"],"_links":{"self":[{"href":"https:\/\/aventure-attitude.fr\/index.php\/wp-json\/wp\/v2\/pages\/154","targetHints":{"allow":["GET"]}}],"collection":[{"href":"https:\/\/aventure-attitude.fr\/index.php\/wp-json\/wp\/v2\/pages"}],"about":[{"href":"https:\/\/aventure-attitude.fr\/index.php\/wp-json\/wp\/v2\/types\/page"}],"author":[{"embeddable":true,"href":"https:\/\/aventure-attitude.fr\/index.php\/wp-json\/wp\/v2\/users\/1"}],"replies":[{"embeddable":true,"href":"https:\/\/aventure-attitude.fr\/index.php\/wp-json\/wp\/v2\/comments?post=154"}],"version-history":[{"count":12,"href":"https:\/\/aventure-attitude.fr\/index.php\/wp-json\/wp\/v2\/pages\/154\/revisions"}],"predecessor-version":[{"id":232,"href":"https:\/\/aventure-attitude.fr\/index.php\/wp-json\/wp\/v2\/pages\/154\/revisions\/232"}],"wp:attachment":[{"href":"https:\/\/aventure-attitude.fr\/index.php\/wp-json\/wp\/v2\/media?parent=154"}],"curies":[{"name":"wp","href":"https:\/\/api.w.org\/{rel}","templated":true}]}}