{"id":269,"date":"2025-09-03T16:44:13","date_gmt":"2025-09-03T14:44:13","guid":{"rendered":"https:\/\/aventure-attitude.fr\/?page_id=269"},"modified":"2025-09-08T16:20:11","modified_gmt":"2025-09-08T14:20:11","slug":"materiel","status":"publish","type":"page","link":"https:\/\/aventure-attitude.fr\/index.php\/portofolio\/materiel\/","title":{"rendered":"Mat\u00e9riel"},"content":{"rendered":"\n<div class=\"wp-block-cover alignfull is-light\" style=\"min-height:600px;aspect-ratio:unset;\"><span aria-hidden=\"true\" class=\"wp-block-cover__background has-nv-site-bg-background-color has-background-dim-100 has-background-dim\"><\/span><div class=\"wp-block-cover__inner-container is-layout-flow wp-block-cover-is-layout-flow\">\n<div class=\"wp-block-group\"><div class=\"wp-block-group__inner-container is-layout-flow wp-block-group-is-layout-flow\">\n<div style=\"height:80px\" aria-hidden=\"true\" class=\"wp-block-spacer\"><\/div>\n\n\n\n<div class=\"wp-block-columns are-vertically-aligned-center is-layout-flex wp-container-core-columns-is-layout-9d6595d7 wp-block-columns-is-layout-flex\">\n<div class=\"wp-block-column is-vertically-aligned-center is-layout-flow wp-block-column-is-layout-flow\" style=\"flex-basis:50%\"><div class=\"wp-block-image\">\n<figure class=\"aligncenter size-full\"><a href=\"https:\/\/aventure-attitude.fr\/index.php\/details-du-projet\/liste-materiel\/\" target=\"_blank\" rel=\" noreferrer noopener\"><img loading=\"lazy\" decoding=\"async\" width=\"1000\" height=\"623\" src=\"http:\/\/aventure-attitude.fr\/wp-content\/uploads\/2025\/09\/Materiel.jpg\" alt=\"\" class=\"wp-image-337\" srcset=\"https:\/\/aventure-attitude.fr\/wp-content\/uploads\/2025\/09\/Materiel.jpg 1000w, https:\/\/aventure-attitude.fr\/wp-content\/uploads\/2025\/09\/Materiel-300x187.jpg 300w, https:\/\/aventure-attitude.fr\/wp-content\/uploads\/2025\/09\/Materiel-768x478.jpg 768w\" sizes=\"auto, (max-width: 1000px) 100vw, 1000px\" \/><\/a><\/figure>\n<\/div>\n\n\n<div style=\"height:24px\" aria-hidden=\"true\" class=\"wp-block-spacer\"><\/div>\n\n\n\n<h3 class=\"wp-block-heading has-text-align-center has-neve-text-color-color has-text-color\">Liste du Mat\u00e9riel<\/h3>\n\n\n\n<p class=\"has-text-align-center has-neve-text-color-color has-text-color\">La liste du mat\u00e9riel que j&#8217;emm\u00e8ne lors de mes randonn\u00e9es de plusieurs jours<\/p>\n\n\n\n<div class=\"wp-block-buttons is-content-justification-center is-layout-flex wp-container-core-buttons-is-layout-16018d1d wp-block-buttons-is-layout-flex\">\n<div class=\"wp-block-button is-style-primary\"><a class=\"wp-block-button__link wp-element-button\" href=\"https:\/\/aventure-attitude.fr\/index.php\/details-du-projet\/liste-materiel\/\" target=\"_blank\" rel=\"noreferrer noopener\">Visualiser et T\u00e9l\u00e9chargez la liste <\/a><\/div>\n<\/div>\n\n\n\n<div style=\"height:40px\" aria-hidden=\"true\" class=\"wp-block-spacer\"><\/div>\n<\/div>\n\n\n\n<div class=\"wp-block-column is-vertically-aligned-center is-layout-flow wp-block-column-is-layout-flow\" style=\"flex-basis:50%\">\n<figure class=\"wp-block-image size-full\"><a href=\"https:\/\/aventure-attitude.fr\/index.php\/details-du-projet\/test-materiel\/\" target=\"_blank\" rel=\" noreferrer noopener\"><img loading=\"lazy\" decoding=\"async\" width=\"1000\" height=\"623\" src=\"http:\/\/aventure-attitude.fr\/wp-content\/uploads\/2025\/09\/Icone-materiel.png\" alt=\"\" class=\"wp-image-336\" srcset=\"https:\/\/aventure-attitude.fr\/wp-content\/uploads\/2025\/09\/Icone-materiel.png 1000w, https:\/\/aventure-attitude.fr\/wp-content\/uploads\/2025\/09\/Icone-materiel-300x187.png 300w, https:\/\/aventure-attitude.fr\/wp-content\/uploads\/2025\/09\/Icone-materiel-768x478.png 768w\" sizes=\"auto, (max-width: 1000px) 100vw, 1000px\" \/><\/a><\/figure>\n\n\n\n<div style=\"height:24px\" aria-hidden=\"true\" class=\"wp-block-spacer\"><\/div>\n\n\n\n<h3 class=\"wp-block-heading has-text-align-center has-neve-text-color-color has-text-color\">Test Mat\u00e9riel<\/h3>\n\n\n\n<p class=\"has-text-align-center has-neve-text-color-color has-text-color\">Pendant mes activit\u00e9s, j&rsquo;ai eu l&rsquo;opportunit\u00e9 d&rsquo;essayer du mat\u00e9riel. Voici ce que j&rsquo;en ai pens\u00e9.<\/p>\n\n\n\n<div class=\"wp-block-buttons is-content-justification-center is-layout-flex wp-container-core-buttons-is-layout-16018d1d wp-block-buttons-is-layout-flex\">\n<div class=\"wp-block-button is-style-primary\"><a class=\"wp-block-button__link wp-element-button\" href=\"https:\/\/aventure-attitude.fr\/index.php\/details-du-projet\/test-materiel\/\" target=\"_blank\" rel=\"noreferrer noopener\">Test Mat\u00e9riel<\/a><\/div>\n<\/div>\n\n\n\n<div style=\"height:40px\" aria-hidden=\"true\" class=\"wp-block-spacer\"><\/div>\n<\/div>\n<\/div>\n\n\n\n<div style=\"height:40px\" aria-hidden=\"true\" class=\"wp-block-spacer\"><\/div>\n<\/div><\/div>\n<\/div><\/div>\n\n\n\n<div class=\"wp-block-cover alignfull is-light\" style=\"min-height:300px;aspect-ratio:unset;\"><span aria-hidden=\"true\" class=\"wp-block-cover__background has-nv-dark-bg-background-color has-background-dim-100 has-background-dim\"><\/span><div class=\"wp-block-cover__inner-container is-layout-flow wp-block-cover-is-layout-flow\">\n<div style=\"height:80px\" aria-hidden=\"true\" class=\"wp-block-spacer\"><\/div>\n\n\n\n<figure class=\"wp-block-gallery aligncenter has-nested-images columns-default is-cropped wp-block-gallery-2 is-layout-flex wp-block-gallery-is-layout-flex\">\n<figure class=\"wp-block-image size-full has-custom-border is-style-rounded wp-duotone-unset-1\"><img loading=\"lazy\" decoding=\"async\" width=\"500\" height=\"500\" data-id=\"312\" src=\"http:\/\/aventure-attitude.fr\/wp-content\/uploads\/2025\/09\/Dos-500-x-500.jpg\" alt=\"\" class=\"wp-image-312\" style=\"border-width:100px;border-radius:100px\" srcset=\"https:\/\/aventure-attitude.fr\/wp-content\/uploads\/2025\/09\/Dos-500-x-500.jpg 500w, https:\/\/aventure-attitude.fr\/wp-content\/uploads\/2025\/09\/Dos-500-x-500-300x300.jpg 300w, https:\/\/aventure-attitude.fr\/wp-content\/uploads\/2025\/09\/Dos-500-x-500-150x150.jpg 150w\" sizes=\"auto, (max-width: 500px) 100vw, 500px\" \/><figcaption class=\"wp-element-caption\">DCIM100MEDIADJI_0162.JPG<\/figcaption><\/figure>\n<\/figure>\n\n\n\n<div style=\"height:24px\" aria-hidden=\"true\" class=\"wp-block-spacer\"><\/div>\n\n\n\n<p class=\"has-text-align-center has-nv-text-dark-bg-color has-text-color\">\u201cL&rsquo;aventure c&rsquo;est inventer sa vie. <br>Elle est un esprit une mani\u00e8re de vivre\u201d<\/p>\n\n\n\n<p class=\"has-text-align-center has-nv-text-dark-bg-color has-text-color\" style=\"font-size:14px\">Jean-Louis Etienne<\/p>\n\n\n\n<div style=\"height:80px\" aria-hidden=\"true\" class=\"wp-block-spacer\"><\/div>\n<\/div><\/div>\n","protected":false},"excerpt":{"rendered":"","protected":false},"author":1,"featured_media":0,"parent":9,"menu_order":0,"comment_status":"closed","ping_status":"closed","template":"","meta":{"neve_meta_sidebar":"","neve_meta_container":"","neve_meta_enable_content_width":"on","neve_meta_content_width":100,"neve_meta_title_alignment":"","neve_meta_author_avatar":"","neve_post_elements_order":"","neve_meta_disable_header":"","neve_meta_disable_footer":"","neve_meta_disable_title":"on","footnotes":""},"class_list":["post-269","page","type-page","status-publish","hentry"],"_links":{"self":[{"href":"https:\/\/aventure-attitude.fr\/index.php\/wp-json\/wp\/v2\/pages\/269","targetHints":{"allow":["GET"]}}],"collection":[{"href":"https:\/\/aventure-attitude.fr\/index.php\/wp-json\/wp\/v2\/pages"}],"about":[{"href":"https:\/\/aventure-attitude.fr\/index.php\/wp-json\/wp\/v2\/types\/page"}],"author":[{"embeddable":true,"href":"https:\/\/aventure-attitude.fr\/index.php\/wp-json\/wp\/v2\/users\/1"}],"replies":[{"embeddable":true,"href":"https:\/\/aventure-attitude.fr\/index.php\/wp-json\/wp\/v2\/comments?post=269"}],"version-history":[{"count":35,"href":"https:\/\/aventure-attitude.fr\/index.php\/wp-json\/wp\/v2\/pages\/269\/revisions"}],"predecessor-version":[{"id":397,"href":"https:\/\/aventure-attitude.fr\/index.php\/wp-json\/wp\/v2\/pages\/269\/revisions\/397"}],"up":[{"embeddable":true,"href":"https:\/\/aventure-attitude.fr\/index.php\/wp-json\/wp\/v2\/pages\/9"}],"wp:attachment":[{"href":"https:\/\/aventure-attitude.fr\/index.php\/wp-json\/wp\/v2\/media?parent=269"}],"curies":[{"name":"wp","href":"https:\/\/api.w.org\/{rel}","templated":true}]}}