{"id":67,"date":"2025-01-09T17:35:41","date_gmt":"2025-01-09T16:35:41","guid":{"rendered":"https:\/\/aventure-attitude.fr\/?page_id=67"},"modified":"2025-01-16T23:22:43","modified_gmt":"2025-01-16T22:22:43","slug":"pourquoi-utiliser-un-vpn","status":"publish","type":"page","link":"https:\/\/aventure-attitude.fr\/index.php\/trucs-et-astuces\/pourquoi-utiliser-un-vpn\/","title":{"rendered":"Pourquoi utiliser un VPN ?"},"content":{"rendered":"\n<p><strong>Comment fonctionne un VPN&nbsp;?<\/strong><br>Un VPN \u00e9tablit une connexion entre votre ordinateur et un serveur situ\u00e9 dans un autre pays que vous pouvez choisir. C\u2019est une application que vous installez sur votre ordinateur et lorsque vous la d\u00e9marrez, elle active une connexion s\u00e9curis\u00e9e.<\/p>\n\n\n<div class=\"wp-block-image\">\n<figure class=\"aligncenter size-full\"><img loading=\"lazy\" decoding=\"async\" width=\"504\" height=\"408\" src=\"http:\/\/aventure-attitude.fr\/wp-content\/uploads\/2025\/01\/vpn.png\" alt=\"\" class=\"wp-image-113\" srcset=\"https:\/\/aventure-attitude.fr\/wp-content\/uploads\/2025\/01\/vpn.png 504w, https:\/\/aventure-attitude.fr\/wp-content\/uploads\/2025\/01\/vpn-300x243.png 300w\" sizes=\"auto, (max-width: 504px) 100vw, 504px\" \/><\/figure>\n<\/div>\n\n\n<p><strong>C\u2019est un outil pratiquement obligatoire lorsque vous vous connectez de l\u2019\u00e9tranger.<\/strong><br><br><\/p>\n\n\n\n<div class=\"wp-block-columns is-layout-flex wp-container-core-columns-is-layout-9d6595d7 wp-block-columns-is-layout-flex\">\n<div class=\"wp-block-column is-layout-flow wp-block-column-is-layout-flow\" style=\"flex-basis:20%\">\n<figure class=\"wp-block-image size-full is-resized\"><img loading=\"lazy\" decoding=\"async\" width=\"491\" height=\"494\" src=\"http:\/\/aventure-attitude.fr\/wp-content\/uploads\/2025\/01\/securite.png\" alt=\"\" class=\"wp-image-112\" style=\"object-fit:cover;width:200px;height:200px\" srcset=\"https:\/\/aventure-attitude.fr\/wp-content\/uploads\/2025\/01\/securite.png 491w, https:\/\/aventure-attitude.fr\/wp-content\/uploads\/2025\/01\/securite-298x300.png 298w, https:\/\/aventure-attitude.fr\/wp-content\/uploads\/2025\/01\/securite-150x150.png 150w\" sizes=\"auto, (max-width: 491px) 100vw, 491px\" \/><\/figure>\n<\/div>\n\n\n\n<div class=\"wp-block-column is-layout-flow wp-block-column-is-layout-flow\" style=\"flex-basis:80%\">\n<p><br><strong><u>Utiliser un VPN pour la s\u00e9curit\u00e9<\/u><\/strong><\/p>\n\n\n\n<p>Si vous vous connectez sur un r\u00e9seau WIFIpublic, sans mots de passe (a\u00e9roport, h\u00f4tels\u2026).<br>Ce sont des occasions parfaites pour un hacker de vous voler vos donn\u00e9es.<br>Le VPN crypte vos donn\u00e9es, vous pouvez surfer en toute tranquillit\u00e9<\/p>\n<\/div>\n<\/div>\n\n\n\n<div class=\"wp-block-columns is-layout-flex wp-container-core-columns-is-layout-9d6595d7 wp-block-columns-is-layout-flex\">\n<div class=\"wp-block-column is-layout-flow wp-block-column-is-layout-flow\" style=\"flex-basis:20%\">\n<figure class=\"wp-block-image size-full is-resized\"><img loading=\"lazy\" decoding=\"async\" width=\"491\" height=\"494\" src=\"http:\/\/aventure-attitude.fr\/wp-content\/uploads\/2025\/01\/confidentialite.png\" alt=\"\" class=\"wp-image-115\" style=\"object-fit:cover;width:200px;height:200px\" srcset=\"https:\/\/aventure-attitude.fr\/wp-content\/uploads\/2025\/01\/confidentialite.png 491w, https:\/\/aventure-attitude.fr\/wp-content\/uploads\/2025\/01\/confidentialite-298x300.png 298w, https:\/\/aventure-attitude.fr\/wp-content\/uploads\/2025\/01\/confidentialite-150x150.png 150w\" sizes=\"auto, (max-width: 491px) 100vw, 491px\" \/><\/figure>\n<\/div>\n\n\n\n<div class=\"wp-block-column is-layout-flow wp-block-column-is-layout-flow\" style=\"flex-basis:80%\">\n<p><br><br><strong><u>Utiliser un VPN pour la confidentialit\u00e9<\/u><\/strong><\/p>\n\n\n\n<p>Avec un VPN, votre adresse IP est priv\u00e9e, de m\u00eame que votre emplacement.<br>Les sites que vous visitez restent confidentiels.<\/p>\n<\/div>\n<\/div>\n\n\n\n<div class=\"wp-block-columns is-layout-flex wp-container-core-columns-is-layout-9d6595d7 wp-block-columns-is-layout-flex\">\n<div class=\"wp-block-column is-layout-flow wp-block-column-is-layout-flow\" style=\"flex-basis:20%\">\n<figure class=\"wp-block-image size-full is-resized\"><img loading=\"lazy\" decoding=\"async\" width=\"491\" height=\"494\" src=\"http:\/\/aventure-attitude.fr\/wp-content\/uploads\/2025\/01\/censure.png\" alt=\"\" class=\"wp-image-114\" style=\"object-fit:cover;width:200px;height:200px\" srcset=\"https:\/\/aventure-attitude.fr\/wp-content\/uploads\/2025\/01\/censure.png 491w, https:\/\/aventure-attitude.fr\/wp-content\/uploads\/2025\/01\/censure-298x300.png 298w, https:\/\/aventure-attitude.fr\/wp-content\/uploads\/2025\/01\/censure-150x150.png 150w\" sizes=\"auto, (max-width: 491px) 100vw, 491px\" \/><\/figure>\n<\/div>\n\n\n\n<div class=\"wp-block-column is-layout-flow wp-block-column-is-layout-flow\" style=\"flex-basis:80%\">\n<p><br><br><strong><u>Utiliser un VPN contre la censure<\/u><\/strong><\/p>\n\n\n\n<p>Dans certains pays, vous trouverez des sites ou des r\u00e9seaux sociaux bloqu\u00e9s par les gouvernements.<br>Le cas le plus connu est la Chine, o\u00f9 il n\u2019est pas possible d\u2019utiliser par exemple Facebook<\/p>\n<\/div>\n<\/div>\n\n\n\n<div class=\"wp-block-columns is-layout-flex wp-container-core-columns-is-layout-9d6595d7 wp-block-columns-is-layout-flex\">\n<div class=\"wp-block-column is-layout-flow wp-block-column-is-layout-flow\" style=\"flex-basis:20%\">\n<figure class=\"wp-block-image size-full is-resized\"><img loading=\"lazy\" decoding=\"async\" width=\"491\" height=\"494\" src=\"http:\/\/aventure-attitude.fr\/wp-content\/uploads\/2025\/01\/economiser.png\" alt=\"\" class=\"wp-image-111\" style=\"object-fit:cover;width:200px;height:200px\" srcset=\"https:\/\/aventure-attitude.fr\/wp-content\/uploads\/2025\/01\/economiser.png 491w, https:\/\/aventure-attitude.fr\/wp-content\/uploads\/2025\/01\/economiser-298x300.png 298w, https:\/\/aventure-attitude.fr\/wp-content\/uploads\/2025\/01\/economiser-150x150.png 150w\" sizes=\"auto, (max-width: 491px) 100vw, 491px\" \/><\/figure>\n<\/div>\n\n\n\n<div class=\"wp-block-column is-layout-flow wp-block-column-is-layout-flow\" style=\"flex-basis:80%\">\n<p><br><br><strong><u>Utiliser un VPN pour \u00e9conomiser de l\u2019argent sur vos voyages<\/u><\/strong><\/p>\n\n\n\n<p>En faisant croire que vous \u00eates dans un autre pays, vous pourrez parfois trouver des billets d\u2019avion moins chers. Nous avons eu le cas en Tha\u00eflande o\u00f9 nous avons d\u00fb rentrer en urgence en France.<\/p>\n<\/div>\n<\/div>\n\n\n\n<p><\/p>\n","protected":false},"excerpt":{"rendered":"<p>Comment fonctionne un VPN&nbsp;?Un VPN \u00e9tablit une connexion entre votre ordinateur et un serveur situ\u00e9 dans un autre pays que vous pouvez choisir. C\u2019est une application que vous installez sur votre ordinateur et lorsque vous la d\u00e9marrez, elle active une connexion s\u00e9curis\u00e9e. C\u2019est un outil pratiquement obligatoire lorsque vous vous connectez de l\u2019\u00e9tranger. Utiliser un&hellip;&nbsp;<a href=\"https:\/\/aventure-attitude.fr\/index.php\/trucs-et-astuces\/pourquoi-utiliser-un-vpn\/\" rel=\"bookmark\">Lire la suite &raquo;<span class=\"screen-reader-text\">Pourquoi utiliser un VPN ?<\/span><\/a><\/p>\n","protected":false},"author":1,"featured_media":0,"parent":69,"menu_order":0,"comment_status":"closed","ping_status":"closed","template":"","meta":{"neve_meta_sidebar":"","neve_meta_container":"","neve_meta_enable_content_width":"","neve_meta_content_width":0,"neve_meta_title_alignment":"","neve_meta_author_avatar":"","neve_post_elements_order":"","neve_meta_disable_header":"","neve_meta_disable_footer":"","neve_meta_disable_title":"","footnotes":""},"class_list":["post-67","page","type-page","status-publish","hentry"],"_links":{"self":[{"href":"https:\/\/aventure-attitude.fr\/index.php\/wp-json\/wp\/v2\/pages\/67","targetHints":{"allow":["GET"]}}],"collection":[{"href":"https:\/\/aventure-attitude.fr\/index.php\/wp-json\/wp\/v2\/pages"}],"about":[{"href":"https:\/\/aventure-attitude.fr\/index.php\/wp-json\/wp\/v2\/types\/page"}],"author":[{"embeddable":true,"href":"https:\/\/aventure-attitude.fr\/index.php\/wp-json\/wp\/v2\/users\/1"}],"replies":[{"embeddable":true,"href":"https:\/\/aventure-attitude.fr\/index.php\/wp-json\/wp\/v2\/comments?post=67"}],"version-history":[{"count":16,"href":"https:\/\/aventure-attitude.fr\/index.php\/wp-json\/wp\/v2\/pages\/67\/revisions"}],"predecessor-version":[{"id":135,"href":"https:\/\/aventure-attitude.fr\/index.php\/wp-json\/wp\/v2\/pages\/67\/revisions\/135"}],"up":[{"embeddable":true,"href":"https:\/\/aventure-attitude.fr\/index.php\/wp-json\/wp\/v2\/pages\/69"}],"wp:attachment":[{"href":"https:\/\/aventure-attitude.fr\/index.php\/wp-json\/wp\/v2\/media?parent=67"}],"curies":[{"name":"wp","href":"https:\/\/api.w.org\/{rel}","templated":true}]}}